{"id":4018,"date":"2021-08-02T21:46:57","date_gmt":"2021-08-02T19:46:57","guid":{"rendered":"https:\/\/blog.mortimer-mueller.at\/?page_id=4018"},"modified":"2025-12-23T08:05:35","modified_gmt":"2025-12-23T07:05:35","slug":"flachwitze","status":"publish","type":"page","link":"https:\/\/blog.mortimer-mueller.at\/?page_id=4018","title":{"rendered":"# Flachwitze"},"content":{"rendered":"<p>Ich gestehe: Ich finde Flachwitze, Kalauer und schwarzen Humor ziemlich lustig; Grund genug, mir auch selbst Gedanken zu dieser gewichtigen Thematik zu machen. Ein paar der hoffentlich erbaulichen Ergebnisse findet ihr hier.<\/p>\n<p><em>Andere Bezeichnung f\u00fcr einen Vertikutierer? &#8211; Maulwurfsh\u00e4cksler.<\/em><\/p>\n<p><em>Die letzten Worte des Wanderers: Dieser Weg kommt mir bekannt vor.<\/em><\/p>\n<p><em>Wie erkennt Frau, dass Mann sich M\u00fche gegeben hat? &#8211; An seinem Zungen-Muskelkater.<\/em><\/p>\n<p><em>Wie nennt man einen Menschen mit dunkler Hautfarbe, der keine tierischen Lebensmittel isst? &#8211; Neganer.<\/em><\/p>\n<p><em>Was ist ganz sch\u00f6n frech und verspeist Skifahrer? &#8211; Eine Schlawine.<\/em><\/p>\n<p><em>Was ist ein dicker Mops, der \u00fcber die Stra\u00dfe l\u00e4uft? &#8211; Ein Fettfleck am K\u00fchlergrill.<\/em><\/p>\n<p><em>Was bestellt ein Mann mit Erektionsproblemen im Caf\u00e9? &#8211; Einen flatte Latte.<\/em><\/p>\n<p><em>Auf welche Frage bedeutet jede Antwort NEIN? \u2013 Schl\u00e4fst du schon?<\/em><\/p>\n<p><em>Welche Blumen schenken sich zwei Boxer? &#8211; Veilchen.<\/em><\/p>\n","protected":false},"excerpt":{"rendered":"<p>Ich gestehe: Ich finde Flachwitze, Kalauer und schwarzen Humor ziemlich lustig; Grund genug, mir auch selbst Gedanken zu dieser gewichtigen Thematik zu machen. Ein paar der hoffentlich erbaulichen Ergebnisse findet ihr hier. Andere Bezeichnung f\u00fcr einen Vertikutierer? &#8211; Maulwurfsh\u00e4cksler. Die <span class=\"excerpt-dots\">&hellip;<\/span> <a class=\"more-link\" href=\"https:\/\/blog.mortimer-mueller.at\/?page_id=4018\"><span class=\"more-msg\">Weiterlesen &rarr;<\/span><\/a><\/p>\n","protected":false},"author":2,"featured_media":0,"parent":0,"menu_order":0,"comment_status":"closed","ping_status":"closed","template":"","meta":{"sfsi_plus_gutenberg_text_before_share":"","sfsi_plus_gutenberg_show_text_before_share":"","sfsi_plus_gutenberg_icon_type":"","sfsi_plus_gutenberg_icon_alignemt":"","sfsi_plus_gutenburg_max_per_row":"","footnotes":""},"class_list":["post-4018","page","type-page","status-publish","hentry"],"_links":{"self":[{"href":"https:\/\/blog.mortimer-mueller.at\/index.php?rest_route=\/wp\/v2\/pages\/4018","targetHints":{"allow":["GET"]}}],"collection":[{"href":"https:\/\/blog.mortimer-mueller.at\/index.php?rest_route=\/wp\/v2\/pages"}],"about":[{"href":"https:\/\/blog.mortimer-mueller.at\/index.php?rest_route=\/wp\/v2\/types\/page"}],"author":[{"embeddable":true,"href":"https:\/\/blog.mortimer-mueller.at\/index.php?rest_route=\/wp\/v2\/users\/2"}],"replies":[{"embeddable":true,"href":"https:\/\/blog.mortimer-mueller.at\/index.php?rest_route=%2Fwp%2Fv2%2Fcomments&post=4018"}],"version-history":[{"count":3,"href":"https:\/\/blog.mortimer-mueller.at\/index.php?rest_route=\/wp\/v2\/pages\/4018\/revisions"}],"predecessor-version":[{"id":5146,"href":"https:\/\/blog.mortimer-mueller.at\/index.php?rest_route=\/wp\/v2\/pages\/4018\/revisions\/5146"}],"wp:attachment":[{"href":"https:\/\/blog.mortimer-mueller.at\/index.php?rest_route=%2Fwp%2Fv2%2Fmedia&parent=4018"}],"curies":[{"name":"wp","href":"https:\/\/api.w.org\/{rel}","templated":true}]}}