{"id":3694,"date":"2019-09-09T21:16:40","date_gmt":"2019-09-09T19:16:40","guid":{"rendered":"https:\/\/blog.mortimer-mueller.at\/?page_id=3694"},"modified":"2025-05-16T23:14:13","modified_gmt":"2025-05-16T21:14:13","slug":"samenspender","status":"publish","type":"page","link":"https:\/\/blog.mortimer-mueller.at\/?page_id=3694","title":{"rendered":"# Samenspender"},"content":{"rendered":"<p>Zeit wird&#8217;s, dass ich mich mal einem Tabuthema widme: Sex, oder besser gesagt der <strong>menschlichen Fortpflanzung<\/strong>. Wie die Sache mit Bl\u00fcmchen und Bienchen funktioniert, muss ich hoffentlich niemandem erkl\u00e4ren. Tats\u00e4chlich funktioniert es aber nicht immer. Weil Bienchen oder Bl\u00fcmchen ein Problem haben, das so schwerwiegend ist, dass es auf nat\u00fcrlichem Weg nicht mit einem Baby-Bienchen oder Baby-Bl\u00fcmchen klappen will. Immer \u00f6fter hakt es dabei auf Seite des Mannes (sorry, der Biene; oder war es doch die Blume?).<\/p>\n<p>Vor einigen Jahren habe ich eine Annonce entdeckt, wonach das <strong>Kinderwunschzentrum Goldenes Kreuz<\/strong> in Wien <strong>Samenspender sucht<\/strong>. Ja, ihr habt es erraten: Ich bin hingegangen, wurde untersucht und aufgenommen. Im Lauf eines Jahres habe ich mehrere Spermaproben abgegeben, die (nach diversen Untersuchungen) in fl\u00fcssigen Stickstoff gewandert sind &#8211; und dort auf ihren Einsatz gewartet haben. Verwendet wurden sie f\u00fcr die k\u00fcnstliche Befruchtung im Rahmen einer <strong><a href=\"https:\/\/de.wikipedia.org\/wiki\/Insemination\" rel=\"noopener\" target=\"_blank\">Insemination<\/a><\/strong> oder <strong><a href=\"https:\/\/de.wikipedia.org\/wiki\/In-vitro-Fertilisation\" rel=\"noopener\" target=\"_blank\">In-vitro Fertilisation<\/a><\/strong> (IVF).<\/p>\n<p>Die erste Frage, die ich immer beantworten muss: <strong>Warum macht man(n) so etwas?<\/strong><\/p>\n<p>Da gibt es mehrere Gr\u00fcnde. Erstens: Man(n) hilft kinderlosen Paaren, die sich ihren Traum erf\u00fcllen wollen. Zweitens: Wer kann schon wissen, ob man(n) sp\u00e4ter Kinder haben wird (oder haben will). Drittens: Man(n) wird rundum durchgecheckt. Auch nicht schlecht. Und viertens: Ich war jung und dumm und brauchte das Geld &#8230; Nein, Scherz beiseite. Aber die Samenspenden waren tats\u00e4chlich nicht schlecht bezahlt.<\/p>\n<p>Die zweite Frage lautet meist: Wie viele Kinder sind entstanden? Und gleich danach: Willst du sie nicht kennenlernen? Zur ersten Frage: Drei bis f\u00fcnf Kinder. Genauer wei\u00df ich es nicht, weil die Betreuung im Goldenen Kreuz nur bis zur erfolgreichen Schwangerschaft erfolgt. <\/p>\n<p>Zur zweiten Frage: Ja, ich glaube, das w\u00e4re eine ganz besondere Erfahrung. Bis es so weit ist, wird aber noch eine Weile vergehen. Mit vierzehn &#8211; und nur, wenn die Eltern den Kindern ihre Herkunft verraten &#8211; d\u00fcrfen die Jugendlichen erfahren, wer ihr leiblicher Vater ist. Es kann also durchaus sein, dass ich in einigen Jahren einen Anruf aus dem Kinderwunschzentrum erhalte und gefragt werde, ob ich eine &#8211; mir unbekannte, aber verwandte &#8211; Person kennenlernen m\u00f6chte. Ich denke, ich werde ja sagen.<\/p>\n","protected":false},"excerpt":{"rendered":"<p>Zeit wird&#8217;s, dass ich mich mal einem Tabuthema widme: Sex, oder besser gesagt der menschlichen Fortpflanzung. Wie die Sache mit Bl\u00fcmchen und Bienchen funktioniert, muss ich hoffentlich niemandem erkl\u00e4ren. Tats\u00e4chlich funktioniert es aber nicht immer. Weil Bienchen oder Bl\u00fcmchen ein <span class=\"excerpt-dots\">&hellip;<\/span> <a class=\"more-link\" href=\"https:\/\/blog.mortimer-mueller.at\/?page_id=3694\"><span class=\"more-msg\">Weiterlesen &rarr;<\/span><\/a><\/p>\n","protected":false},"author":2,"featured_media":0,"parent":0,"menu_order":0,"comment_status":"closed","ping_status":"closed","template":"","meta":{"sfsi_plus_gutenberg_text_before_share":"","sfsi_plus_gutenberg_show_text_before_share":"","sfsi_plus_gutenberg_icon_type":"","sfsi_plus_gutenberg_icon_alignemt":"","sfsi_plus_gutenburg_max_per_row":"","footnotes":""},"class_list":["post-3694","page","type-page","status-publish","hentry"],"_links":{"self":[{"href":"https:\/\/blog.mortimer-mueller.at\/index.php?rest_route=\/wp\/v2\/pages\/3694","targetHints":{"allow":["GET"]}}],"collection":[{"href":"https:\/\/blog.mortimer-mueller.at\/index.php?rest_route=\/wp\/v2\/pages"}],"about":[{"href":"https:\/\/blog.mortimer-mueller.at\/index.php?rest_route=\/wp\/v2\/types\/page"}],"author":[{"embeddable":true,"href":"https:\/\/blog.mortimer-mueller.at\/index.php?rest_route=\/wp\/v2\/users\/2"}],"replies":[{"embeddable":true,"href":"https:\/\/blog.mortimer-mueller.at\/index.php?rest_route=%2Fwp%2Fv2%2Fcomments&post=3694"}],"version-history":[{"count":3,"href":"https:\/\/blog.mortimer-mueller.at\/index.php?rest_route=\/wp\/v2\/pages\/3694\/revisions"}],"predecessor-version":[{"id":4841,"href":"https:\/\/blog.mortimer-mueller.at\/index.php?rest_route=\/wp\/v2\/pages\/3694\/revisions\/4841"}],"wp:attachment":[{"href":"https:\/\/blog.mortimer-mueller.at\/index.php?rest_route=%2Fwp%2Fv2%2Fmedia&parent=3694"}],"curies":[{"name":"wp","href":"https:\/\/api.w.org\/{rel}","templated":true}]}}