{"id":3156,"date":"2018-07-26T22:24:18","date_gmt":"2018-07-26T20:24:18","guid":{"rendered":"http:\/\/blog.mortimer-mueller.at\/?page_id=3156"},"modified":"2025-05-16T23:14:39","modified_gmt":"2025-05-16T21:14:39","slug":"wald-wueste","status":"publish","type":"page","link":"https:\/\/blog.mortimer-mueller.at\/?page_id=3156","title":{"rendered":"# Wald &#038; W\u00fcste"},"content":{"rendered":"<p>Ich bin ein <strong>Naturbursche <\/strong>&#8211; oder sagen wir, das bin ich manchmal. Es gibt n\u00e4mlich ein paar Dinge, mit denen ich mich nicht anfreunden kann, etwa blutsaugende Insekten, die mich leider zum Fressen gern haben; aber das ist eine andere Geschichte und soll ein andermal erz\u00e4hlt werden.<\/p>\n<p>Aufgewachsen bin ich am Rand eines 400-Seelen-Dorfes. Hier hatte ich einen Hausberg (na gut, einen H\u00fcgel) und ein gro\u00dfe Waldfl\u00e4che quasi f\u00fcr mich allein. Unz\u00e4hlige Stunden habe ich auf den Feldern, im Wald und am Berg verbracht, habe Tiere und Pflanzen beobachtet, Gewitter bestaunt und bin zwischen wogenden Feengr\u00e4sern in der Sonne gelegen.<\/p>\n<p>Die <strong>Sonne<\/strong> ist eine der wichtigsten Kraft- und Energiespender in meinem Leben. Ich bin davon \u00fcberzeugt, dass &#8211; zumindest f\u00fcr mich &#8211; Sonnenlicht essentiell zum \u00dcberleben ist. <a href=\"https:\/\/www.vitamind.net\/sonne\/\" target=\"_blank\" rel=\"noopener\"><strong>Sonnenb\u00e4der<\/strong><\/a> geh\u00f6ren da nat\u00fcrlich dazu, und zwar ungesch\u00fctzt (ohne Sonnencreme) in den Mittagsstunden und am liebsten nackt. Nur da wird bei meiner dunklen Hautfarbe viel Vitamin D gebildet. Von der verbreiteten Sonnenphobie halte ich nicht viel. Wobei ich zugeben muss, dass die individuelle Sonnenvertr\u00e4glichkeit und das Sonnenbed\u00fcrfnis von vielen Faktoren abh\u00e4ngt. In meinem Fall ist klar, dass ich ganz viel Sonnenschein im Leben brauche &#8211; von au\u00dfen und von innen.<\/p>\n<p>War ich in meiner Kindheit noch Winterfreak, bin ich inzwischen zum <strong>Sommerliebhaber<\/strong> mutiert. Es kann mir kaum hei\u00df genug sein, Stichwort <strong>hitzeaffin<\/strong>. Unter 15\u00b0C empfinde ich es als kalt, ab 25\u00b0C wird es angenehm und bei 30\u00b0C aufw\u00e4rts f\u00fchle ich mich so richtig wohl; was sich unter anderem in einem Kreativ-, Energie- und Motivationsschub w\u00e4hrend Hitzewellen \u00e4u\u00dfert. Am liebsten habe ich dabei sonniges, trockenes Wetter &#8211; mit ein Grund, weshalb mich die <strong>W\u00fcste <\/strong>schon lange fasziniert. Im Fr\u00fchjahr 2018 konnte ich meinen lang gehegten Wunsch in die Tat umsetzen und der <strong>Sandw\u00fcste<\/strong> einen Besuch abstatten. Einen Reisebericht zu meiner Tour durch Marokko findet ihr <strong><a href=\"https:\/\/blog.mortimer-mueller.at\/?p=2852\">HIER<\/a><\/strong>.<\/p>\n<p>Au\u00dferdem habe ich im Herbst 2019 ein Herzensprojekt abgeschlossen und den ersten Teil meines fantasiereichen <strong>W\u00fcstenepos <a href=\"https:\/\/blog.mortimer-mueller.at\/?p=3668\">Die Herren der W\u00fcste<\/a><\/strong> ver\u00f6ffentlicht. Wer mehr wissen will &#8211; <strong><a href=\"https:\/\/wueste.mortimer-mueller.at\" target=\"_blank\" rel=\"noopener noreferrer\">HIER<\/a><\/strong> findet ihr alle Informationen dazu.<\/p>\n<p>Meine liebste Landschaftsform ist aber der <strong>Wald <\/strong>mit all seinen Facetten und Auspr\u00e4gungen. Ich genie\u00dfe den Duft von Kiefernnadeln, das Rauschen des Buchenwaldes, den Waldgeruch nach dem Regen, den Ausblick von einer Lichtung oder Baumkrone &#8211; und alle Ph\u00e4nomene, die mit dem Wald zusammenh\u00e4ngen. So sind etwa <strong>St\u00f6rungen <\/strong>ein essentieller und f\u00fcr die Biodiversit\u00e4t wichtiger Bestandteil der Walddynamik. Darunter fallen biologische Sch\u00e4dlinge, Pilzbefall, Windw\u00fcrfe &#8211; und <strong>Waldbr\u00e4nde<\/strong>.<\/p>\n<p>Seit meiner Kindheit habe ich einen besonderen Bezug zum <strong>Feuer<\/strong>. Vor einigen Jahren ist diese Affinit\u00e4t in eine Berufung umgeschlagen: Ich habe an der <strong>Universit\u00e4t f\u00fcr Bodenkultur<\/strong> in Wien meine <strong>Masterarbeit<\/strong> und vor Kurzem meine <strong>Dissertation<\/strong> zu Waldbr\u00e4nden in \u00d6sterreich fertiggestellt. Inzwischen arbeite ich als <strong>Waldbrandforscher<\/strong> am Institut f\u00fcr Waldbau. Meine T\u00e4tigkeiten umfassen unter anderem die <strong><a href=\"http:\/\/fire.boku.ac.at\/firedb\/\" target=\"_blank\" rel=\"noopener noreferrer\">Erhebung von Waldbr\u00e4nden<\/a><\/strong> in \u00d6sterreich. Daneben betreue ich den \u00f6sterreichischen <strong><a href=\"http:\/\/fireblog.boku.ac.at\/\" target=\"_blank\" rel=\"noopener noreferrer\">Waldbrand-Blog<\/a><\/strong>, beteilige mich an der Erstellung eines <strong><a href=\"https:\/\/www.waldbrand.at\" target=\"_blank\" rel=\"noopener noreferrer\">integrierten Waldbrandgefahrenmodells<\/a><\/strong>, besch\u00e4ftige mich mit <strong>Blitzschlagbr\u00e4nden<\/strong>, arbeite mit Feuerwehrvertretern zusammen und bin gelegentlich als Waldbrandexperte in Radio- und Fernsehsendungen zu Gast.<\/p>\n","protected":false},"excerpt":{"rendered":"<p>Ich bin ein Naturbursche &#8211; oder sagen wir, das bin ich manchmal. Es gibt n\u00e4mlich ein paar Dinge, mit denen ich mich nicht anfreunden kann, etwa blutsaugende Insekten, die mich leider zum Fressen gern haben; aber das ist eine andere <span class=\"excerpt-dots\">&hellip;<\/span> <a class=\"more-link\" href=\"https:\/\/blog.mortimer-mueller.at\/?page_id=3156\"><span class=\"more-msg\">Weiterlesen &rarr;<\/span><\/a><\/p>\n","protected":false},"author":2,"featured_media":0,"parent":0,"menu_order":0,"comment_status":"closed","ping_status":"closed","template":"","meta":{"sfsi_plus_gutenberg_text_before_share":"","sfsi_plus_gutenberg_show_text_before_share":"","sfsi_plus_gutenberg_icon_type":"","sfsi_plus_gutenberg_icon_alignemt":"","sfsi_plus_gutenburg_max_per_row":"","footnotes":""},"class_list":["post-3156","page","type-page","status-publish","hentry"],"_links":{"self":[{"href":"https:\/\/blog.mortimer-mueller.at\/index.php?rest_route=\/wp\/v2\/pages\/3156","targetHints":{"allow":["GET"]}}],"collection":[{"href":"https:\/\/blog.mortimer-mueller.at\/index.php?rest_route=\/wp\/v2\/pages"}],"about":[{"href":"https:\/\/blog.mortimer-mueller.at\/index.php?rest_route=\/wp\/v2\/types\/page"}],"author":[{"embeddable":true,"href":"https:\/\/blog.mortimer-mueller.at\/index.php?rest_route=\/wp\/v2\/users\/2"}],"replies":[{"embeddable":true,"href":"https:\/\/blog.mortimer-mueller.at\/index.php?rest_route=%2Fwp%2Fv2%2Fcomments&post=3156"}],"version-history":[{"count":4,"href":"https:\/\/blog.mortimer-mueller.at\/index.php?rest_route=\/wp\/v2\/pages\/3156\/revisions"}],"predecessor-version":[{"id":4845,"href":"https:\/\/blog.mortimer-mueller.at\/index.php?rest_route=\/wp\/v2\/pages\/3156\/revisions\/4845"}],"wp:attachment":[{"href":"https:\/\/blog.mortimer-mueller.at\/index.php?rest_route=%2Fwp%2Fv2%2Fmedia&parent=3156"}],"curies":[{"name":"wp","href":"https:\/\/api.w.org\/{rel}","templated":true}]}}