{"id":3050,"date":"2018-07-08T23:34:07","date_gmt":"2018-07-08T21:34:07","guid":{"rendered":"http:\/\/blog.mortimer-mueller.at\/?page_id=3050"},"modified":"2025-05-16T23:14:26","modified_gmt":"2025-05-16T21:14:26","slug":"traeume","status":"publish","type":"page","link":"https:\/\/blog.mortimer-mueller.at\/?page_id=3050","title":{"rendered":"# Tr\u00e4ume"},"content":{"rendered":"<p>Jeder Mensch hat Tr\u00e4ume. Jeder Mensch tr\u00e4umt des Nachts. Gelegentlich tr\u00e4umen wir unsere Tr\u00e4ume so realistisch, dass wir glauben, sie sind wahr. (Zukunfts-)Tr\u00e4ume sind eine wichtige Triebfeder unseres Handelns. Die meisten Menschen ben\u00f6tigen (unerf\u00fcllte) Tr\u00e4ume f\u00fcr ein gl\u00fcckliches und erf\u00fclltes Leben. Weshalb? Um nicht die Hoffnung zu verlieren.<\/p>\n<p><strong>Ich bin ein Tr\u00e4umer<\/strong> &#8211; zumindest manchmal. Au\u00dferdem bin ich ein Krieger; aber das ist eine andere Geschichte und soll ein andermal erz\u00e4hlt werden.<\/p>\n<p><strong>Meine n\u00e4chtlichen Tr\u00e4ume haben es in sich.<\/strong> Nicht selten erlebe ich epische Heldengeschichten, mystische Dramen oder Reisen durch magische Fantasiewelten. Am ausgeruhtesten und tatkr\u00e4ftigsten bin ich, wenn ich lang und ausgiebig getr\u00e4umt habe. Dabei m\u00fcssen diese Tr\u00e4ume nicht zwangsl\u00e4ufig positiv sein &#8211; auch melancholische Nachtgedanken haben den gleichen Effekt. Albtr\u00e4ume erlebe ich aber seit Jahren nicht mehr.<\/p>\n<p><strong>Kreativtr\u00e4ume<\/strong><br \/>\nEs geschicht immer wieder, dass ich im (n\u00e4chtlichen) Traum Ideen f\u00fcr Geschichten, Romane oder sogar Musikst\u00fccke finde. Leider gelingt es mir nur selten, die Visionen detailgetreu festzuhalten. Interessant mag sein, dass einige (unbekannte) Orte oder Personen immer wieder in meinen Tr\u00e4umen erscheinen. Au\u00dferdem gibt es bestimmte Szenarien, die ich immer wieder durchlebe &#8211; etwa das Durchstreifen einer alten Villa oder den Weltuntergang. Ob mehr dahinter steckt? Keine Ahnung. Riesige, blutende Sterne oder magische Fantasiegestalten sind mir im Alltag noch nicht begegnet.<\/p>\n<p><strong>Luzide Tr\u00e4ume<\/strong><br \/>\nMitunter erlebe ich luzide Tr\u00e4ume &#8211; das sind Tr\u00e4ume, bei denen sich der Schl\u00e4fer bewusst ist, dass es sich bei dem Geschehen um einen Traum handelt. Solche n\u00e4chtlichen Visionen sind besonders reizvoll, da ich sie noch im Schlaf manipulieren und nach meinen W\u00fcnschen lenken kann. Auch einen luziden Traum in einem anderen luziden Traum habe ich bereits erlebt; Inception l\u00e4sst gr\u00fc\u00dfen!<\/p>\n<p><strong>Wachtr\u00e4ume<\/strong><br \/>\nDamit meine ich nicht Gedanken w\u00e4hrend des Wachseins, sondern das Dahind\u00e4mmern zwischen Traum und Wirklichkeit. Das erste Mal bewusst erlebt habe ich diesen Zustand auf einer BOKU-Exkursion. Ich lag im Bett, schlief jedoch nicht richtig ein, sondern verblieb auf dem schmalen Grad zwischen Schlaf und Wachsein &#8211; mit dem Resultat, dass ich meine Zimmergenossen sprechen h\u00f6rte, gleichzeitig aber hinter meinen geschlossenen Lidern ein Film ablief, der Realit\u00e4t und Vision auf skurrile Weise verkn\u00fcpfte. W\u00e4hrend des Wachtraums wollte ich die Aussagen meiner Freunde kommentieren &#8211; doch das Einzige, das \u00fcber meine Lippen kam, war Kleinkind-Gebrabbel. Schade, oder?<\/p>\n<p>Mittlerweile kann ich diesen Zustand mehr oder weniger bewusst herbeif\u00fchren. Interessant dabei ist, dass die Zeit &#8211; wie in richtigen Tr\u00e4umen &#8211; langsamer verstreicht (eine gef\u00fchlte Minute im Wachtraum sind nur wenige Sekunden in der Realit\u00e4t) und ich danach wieder putzmunter bin; ein Effekt, den ich regelm\u00e4\u00dfig nutze &#8211; Stichwort <em>Powernapping<\/em>.<\/p>\n","protected":false},"excerpt":{"rendered":"<p>Jeder Mensch hat Tr\u00e4ume. Jeder Mensch tr\u00e4umt des Nachts. Gelegentlich tr\u00e4umen wir unsere Tr\u00e4ume so realistisch, dass wir glauben, sie sind wahr. (Zukunfts-)Tr\u00e4ume sind eine wichtige Triebfeder unseres Handelns. Die meisten Menschen ben\u00f6tigen (unerf\u00fcllte) Tr\u00e4ume f\u00fcr ein gl\u00fcckliches und erf\u00fclltes <span class=\"excerpt-dots\">&hellip;<\/span> <a class=\"more-link\" href=\"https:\/\/blog.mortimer-mueller.at\/?page_id=3050\"><span class=\"more-msg\">Weiterlesen &rarr;<\/span><\/a><\/p>\n","protected":false},"author":2,"featured_media":0,"parent":0,"menu_order":0,"comment_status":"closed","ping_status":"closed","template":"","meta":{"sfsi_plus_gutenberg_text_before_share":"","sfsi_plus_gutenberg_show_text_before_share":"","sfsi_plus_gutenberg_icon_type":"","sfsi_plus_gutenberg_icon_alignemt":"","sfsi_plus_gutenburg_max_per_row":"","footnotes":""},"class_list":["post-3050","page","type-page","status-publish","hentry"],"_links":{"self":[{"href":"https:\/\/blog.mortimer-mueller.at\/index.php?rest_route=\/wp\/v2\/pages\/3050","targetHints":{"allow":["GET"]}}],"collection":[{"href":"https:\/\/blog.mortimer-mueller.at\/index.php?rest_route=\/wp\/v2\/pages"}],"about":[{"href":"https:\/\/blog.mortimer-mueller.at\/index.php?rest_route=\/wp\/v2\/types\/page"}],"author":[{"embeddable":true,"href":"https:\/\/blog.mortimer-mueller.at\/index.php?rest_route=\/wp\/v2\/users\/2"}],"replies":[{"embeddable":true,"href":"https:\/\/blog.mortimer-mueller.at\/index.php?rest_route=%2Fwp%2Fv2%2Fcomments&post=3050"}],"version-history":[{"count":4,"href":"https:\/\/blog.mortimer-mueller.at\/index.php?rest_route=\/wp\/v2\/pages\/3050\/revisions"}],"predecessor-version":[{"id":4843,"href":"https:\/\/blog.mortimer-mueller.at\/index.php?rest_route=\/wp\/v2\/pages\/3050\/revisions\/4843"}],"wp:attachment":[{"href":"https:\/\/blog.mortimer-mueller.at\/index.php?rest_route=%2Fwp%2Fv2%2Fmedia&parent=3050"}],"curies":[{"name":"wp","href":"https:\/\/api.w.org\/{rel}","templated":true}]}}