{"id":3027,"date":"2018-07-08T22:15:09","date_gmt":"2018-07-08T20:15:09","guid":{"rendered":"http:\/\/blog.mortimer-mueller.at\/?page_id=3027"},"modified":"2025-05-17T23:00:47","modified_gmt":"2025-05-17T21:00:47","slug":"wetter","status":"publish","type":"page","link":"https:\/\/blog.mortimer-mueller.at\/?page_id=3027","title":{"rendered":"# Wetter"},"content":{"rendered":"<p>Seit meiner Kindheit bin ich von s\u00e4mtlichen <strong>Wetterph\u00e4nomenen<\/strong> fasziniert. Besonders haben es mir extreme Erscheinungen angetan, etwa Schwergewitter, Superzellen und <strong>Tornados <\/strong>(die es \u00fcbrigens auch in \u00d6sterreich gibt).<\/p>\n<p>Ich bin aktives Mitglied des ehrenamtlichen Vereins <strong><a href=\"https:\/\/www.skywarn.at\" target=\"_blank\" rel=\"noopener\">Skywarn AUSTRIA<\/a><\/strong>, dessen Hauptaufgabe die Echtzeit-Warnung vor Extremwetterereignissen wie Hagel, Sturm, Tornados und Blitzfluten ist. Diese Informationen stellen eine wichtige Erg\u00e4nzung zu Wetterradar, Messstationen und Wettermodellen dar. Skywarn AUSTRIA arbeitet mit verschiedenen Organisationen zusammen (u. a. Austrocontrol, GeoSphere Austria, ESSL) und bietet interessierten Menschen das gr\u00f6\u00dfte Wetterforum \u00d6sterreichs.<\/p>\n<p>Speziell in den Sommermonaten bin ich immer wieder als <strong>Unwetterj\u00e4ger<\/strong> unterwegs und dokumentiere das Extremwetter aus n\u00e4chster N\u00e4he. Meinen gr\u00f6\u00dften Erfolg konnte ich im Juli 2017 verbuchen, als mir spektakul\u00e4re <strong><a href=\"https:\/\/blog.mortimer-mueller.at\/?p=2557\">Aufnahmen eines Tornados nahe Wien<\/a><\/strong> gelangen. <a href=\"https:\/\/blog.mortimer-mueller.at\/?cat=83\" target=\"_blank\" rel=\"noopener\"><strong>HIER<\/strong> <\/a>finden sich alle meine Blogbeitr\u00e4ge zum Thema Extremwetter.<\/p>\n<p>Neben meiner Faszination f\u00fcr die irdische Atmosph\u00e4re interessiere ich mich f\u00fcr Erdbeben, Vulkanologie, Astrophysik und Raumfahrt.<\/p>\n","protected":false},"excerpt":{"rendered":"<p>Seit meiner Kindheit bin ich von s\u00e4mtlichen Wetterph\u00e4nomenen fasziniert. Besonders haben es mir extreme Erscheinungen angetan, etwa Schwergewitter, Superzellen und Tornados (die es \u00fcbrigens auch in \u00d6sterreich gibt). Ich bin aktives Mitglied des ehrenamtlichen Vereins Skywarn AUSTRIA, dessen Hauptaufgabe die <span class=\"excerpt-dots\">&hellip;<\/span> <a class=\"more-link\" href=\"https:\/\/blog.mortimer-mueller.at\/?page_id=3027\"><span class=\"more-msg\">Weiterlesen &rarr;<\/span><\/a><\/p>\n","protected":false},"author":2,"featured_media":0,"parent":0,"menu_order":0,"comment_status":"closed","ping_status":"closed","template":"","meta":{"sfsi_plus_gutenberg_text_before_share":"","sfsi_plus_gutenberg_show_text_before_share":"","sfsi_plus_gutenberg_icon_type":"","sfsi_plus_gutenberg_icon_alignemt":"","sfsi_plus_gutenburg_max_per_row":"","footnotes":""},"class_list":["post-3027","page","type-page","status-publish","hentry"],"_links":{"self":[{"href":"https:\/\/blog.mortimer-mueller.at\/index.php?rest_route=\/wp\/v2\/pages\/3027","targetHints":{"allow":["GET"]}}],"collection":[{"href":"https:\/\/blog.mortimer-mueller.at\/index.php?rest_route=\/wp\/v2\/pages"}],"about":[{"href":"https:\/\/blog.mortimer-mueller.at\/index.php?rest_route=\/wp\/v2\/types\/page"}],"author":[{"embeddable":true,"href":"https:\/\/blog.mortimer-mueller.at\/index.php?rest_route=\/wp\/v2\/users\/2"}],"replies":[{"embeddable":true,"href":"https:\/\/blog.mortimer-mueller.at\/index.php?rest_route=%2Fwp%2Fv2%2Fcomments&post=3027"}],"version-history":[{"count":3,"href":"https:\/\/blog.mortimer-mueller.at\/index.php?rest_route=\/wp\/v2\/pages\/3027\/revisions"}],"predecessor-version":[{"id":4862,"href":"https:\/\/blog.mortimer-mueller.at\/index.php?rest_route=\/wp\/v2\/pages\/3027\/revisions\/4862"}],"wp:attachment":[{"href":"https:\/\/blog.mortimer-mueller.at\/index.php?rest_route=%2Fwp%2Fv2%2Fmedia&parent=3027"}],"curies":[{"name":"wp","href":"https:\/\/api.w.org\/{rel}","templated":true}]}}