{"id":3019,"date":"2018-07-08T21:35:15","date_gmt":"2018-07-08T19:35:15","guid":{"rendered":"http:\/\/blog.mortimer-mueller.at\/?page_id=3019"},"modified":"2025-05-18T16:45:18","modified_gmt":"2025-05-18T14:45:18","slug":"filme","status":"publish","type":"page","link":"https:\/\/blog.mortimer-mueller.at\/?page_id=3019","title":{"rendered":"# Filme"},"content":{"rendered":"<p>Mein Interesse an Filmproduktionen entwickelte sich in meiner Schulzeit. Als <strong>MarMor pictures<\/strong> setzten mein Freund Markus und ich rund ein Dutzend Kurzfilme um. Dabei habe ich sowohl vor, als auch hinter der Kamera Erfahrungen sammeln k\u00f6nnen. Bei den Genres haben wir uns an Mysteryfilme, M\u00e4rchen, Jugenddramen und Naturfilme herangewagt.<\/p>\n<p>Sp\u00e4ter lag mein Fokus vor allem auf <strong><a href=\"https:\/\/blog.mortimer-mueller.at\/?page_id=3027\">Wettervideos<\/a><\/strong>. Daneben drehte ich Kurzfilme, da ich hier das Schreiben (Drehbuch), die Bildsprache (Film) und Musik\/Gesang verbinden konnte. Im Jahr 2020 habe ich mir eine <strong>Mini-Drohne<\/strong> mit der M\u00f6glichkeit f\u00fcr 4K-Videoaufnahmen zugelegt und bin registrierter Drohnenpilot.<\/p>\n<p><strong><a href=\"https:\/\/blog.mortimer-mueller.at\/?cat=78\">HIER<\/a><\/strong> sind alle Blogbeitr\u00e4ge mit einem filmischen Inhalt zu finden. Die Filme aus meiner Schulzeit sind nicht erhalten geblieben. Die in den letzten Jahren umgesetzten Buchtrailer, Kurz- und Naturfilme sowie Musikvideos finden sich auf YouTube:<\/p>\n<p><strong><a href=\"https:\/\/www.youtube.com\/shorts\/YeZzml7j00c\" target=\"_blank\" rel=\"noopener\">Papa, der Dinoj\u00e4ger<\/a><\/strong><br \/>\n# mein Sohn liebt Dinosaurier. Also habe ich einen f\u00fcr ihn gefangen &#8230;<\/p>\n<p><strong><a href=\"https:\/\/www.youtube.com\/watch?v=jCSun0-wTlY\" target=\"_blank\" rel=\"noopener\">Buchtrailer &#8222;Die Herren der W\u00fcste&#8220;<\/a><\/strong><br \/>\n# mit Filmmaterial aus Marokko und dem eigens komponierten Lied einer magischen W\u00fcstennacht<\/p>\n<p><strong><a href=\"https:\/\/www.youtube.com\/watch?v=fq8iF-gAjP0\" target=\"_blank\" rel=\"noopener\">Buchtrailer &#8222;Professor Heimlich&#8220;<\/a><\/strong><br \/>\n# der nicht ganz ernst gemeinte filmische Beitrag zu meiner im <a href=\"https:\/\/www.ohneohren.com\/\" target=\"_blank\" rel=\"noopener\">Verlag ohneohren<\/a> erschienenen Fantasy-Satire <a href=\"https:\/\/blog.mortimer-mueller.at\/?p=2282\">Professor Heimlich &#8211; und die Farbenleere<\/a><\/p>\n<p>&nbsp;<\/p>\n<p><strong>Musikvideos:<\/strong><\/p>\n<p><strong><a href=\"https:\/\/www.youtube.com\/watch?v=rJIX6N-8fOQ\" target=\"_blank\" rel=\"noopener\">Musikvideo &#8222;Die Herrscher der Welt&#8220;<\/a><\/strong><br \/>\n# kritischer Song \u00fcber das derzeitige Gesellschafts- und Machtsystem<\/p>\n<p><strong><a href=\"https:\/\/www.youtube.com\/watch?v=Km7fZa9OL80\" target=\"_blank\" rel=\"noopener\">Musikvideo &#8222;Unter dem Meer&#8220;<\/a><\/strong><br \/>\n# gemeinsam mit meinen Geschwistern umgesetzter Fun-Clip, der auf das gittaristische Brainstorming w\u00e4hrend einer Weihnachtsfeier zur\u00fcckgeht<\/p>\n<p><strong><a href=\"https:\/\/www.youtube.com\/watch?v=E8KvG1KNai4\" target=\"_blank\" rel=\"noopener\">Musikvideo &#8222;Passing time&#8220;<\/a><\/strong><br \/>\n# erstellt zu einem von mir komponierten und gesungenen Musikst\u00fcck<\/p>\n<p>&nbsp;<\/p>\n<p><strong>Kurzfilme:<\/strong><\/p>\n<p><strong><a href=\"https:\/\/www.youtube.com\/watch?v=71Z3XyvE1w4\" target=\"_blank\" rel=\"noopener\">Twofinger &#8211; The Kitchen<\/a><\/strong><br \/>\n# humorvoller Kurzfilm \u00fcber zwei Finger, die in der K\u00fcche ihr Unwesen treiben<\/p>\n<p><strong><a href=\"https:\/\/www.youtube.com\/watch?v=LTQfz_jiyVQ\" target=\"_blank\" rel=\"noopener\">Snowdance<\/a><\/strong><br \/>\n# Film noir bzw. Thriller, umgesetzt in einem verschneiten Winterwald<\/p>\n<p><strong><a href=\"https:\/\/www.youtube.com\/watch?v=wZc7ZzKf86I\" target=\"_blank\" rel=\"noopener\">Inspektor Maier &#8211; zartbitter<\/a><\/strong><br \/>\n# Kurzfilm und Krimi-Satire \u00fcber einen eigenwilligen Inspektor<\/p>\n<p>&nbsp;<\/p>\n<p><strong>Naturfilme:<\/strong><\/p>\n<p><strong><a href=\"https:\/\/www.youtube.com\/watch?v=J9zM-SrjEkc\" target=\"_blank\" rel=\"noopener\">Scarborough Fly<\/a><\/strong><br \/>\n# ein Drohnenflug durch Nieder\u00f6sterreich, untermalt von einer Interpretation von &#8222;Scarborough fair&#8220;<\/p>\n<p><strong><a href=\"https:\/\/www.youtube.com\/watch?v=BXKjJTyM1a8\" target=\"_blank\" rel=\"noopener\">Foggy Nightfall<\/a><\/strong><br \/>\n# kurzer Nebel-Zeitraffer mit Musik auf der Hohen Wand in Nieder\u00f6sterreich<\/p>\n<p><strong><a href=\"https:\/\/www.youtube.com\/watch?v=wOhqfebVXoI\" target=\"_blank\" rel=\"noopener\">Staubteufel Marokko<\/a><\/strong><br \/>\n# Zusammenstellung beobachteter Dustdevils in der marokkanischen W\u00fcste<\/p>\n<p><strong><a href=\"https:\/\/www.youtube.com\/watch?v=HWGE0Kggl_o\" target=\"_blank\" rel=\"noopener\">Tornado am 10. Juli 2017<\/a><\/strong><br \/>\n# meine spektakul\u00e4ren Aufnahmen des Tornados nahe dem Flughafen Wien Schwechat<\/p>\n<p><strong><a href=\"https:\/\/www.youtube.com\/watch?v=6aa5WRdlAJE\" target=\"_blank\" rel=\"noopener\">Smaragdeidechsen<\/a><\/strong><br \/>\n# Lacerta viridis beim Sonnenbad und Paarungstanz<\/p>\n<p><strong><a href=\"https:\/\/www.youtube.com\/watch?v=G_0k_vNs4Vc\" target=\"_blank\" rel=\"noopener\">Nebelstimmung Traunstein<\/a><\/strong><br \/>\n# mystische Momente mit Reif und Nebel am ober\u00f6sterreichischen Traunstein<\/p>\n<p><strong><a href=\"https:\/\/www.youtube.com\/watch?v=svBiHsBYg2w\" target=\"_blank\" rel=\"noopener\">Drachenbaum<\/a><\/strong><br \/>\n# Zeitraffer der n\u00e4chtlichen Bl\u00fcten\u00f6ffnung<\/p>\n<p><strong><a href=\"https:\/\/www.youtube.com\/watch?v=VrhvT496Q1g\" target=\"_blank\" rel=\"noopener\">Feldbrand<\/a><\/strong><br \/>\n# Aufnahmen eines intensiven Feldbrandes in Nieder\u00f6sterreich<\/p>\n","protected":false},"excerpt":{"rendered":"<p>Mein Interesse an Filmproduktionen entwickelte sich in meiner Schulzeit. Als MarMor pictures setzten mein Freund Markus und ich rund ein Dutzend Kurzfilme um. Dabei habe ich sowohl vor, als auch hinter der Kamera Erfahrungen sammeln k\u00f6nnen. Bei den Genres haben <span class=\"excerpt-dots\">&hellip;<\/span> <a class=\"more-link\" href=\"https:\/\/blog.mortimer-mueller.at\/?page_id=3019\"><span class=\"more-msg\">Weiterlesen &rarr;<\/span><\/a><\/p>\n","protected":false},"author":2,"featured_media":0,"parent":0,"menu_order":0,"comment_status":"closed","ping_status":"closed","template":"","meta":{"sfsi_plus_gutenberg_text_before_share":"","sfsi_plus_gutenberg_show_text_before_share":"","sfsi_plus_gutenberg_icon_type":"","sfsi_plus_gutenberg_icon_alignemt":"","sfsi_plus_gutenburg_max_per_row":"","footnotes":""},"class_list":["post-3019","page","type-page","status-publish","hentry"],"_links":{"self":[{"href":"https:\/\/blog.mortimer-mueller.at\/index.php?rest_route=\/wp\/v2\/pages\/3019","targetHints":{"allow":["GET"]}}],"collection":[{"href":"https:\/\/blog.mortimer-mueller.at\/index.php?rest_route=\/wp\/v2\/pages"}],"about":[{"href":"https:\/\/blog.mortimer-mueller.at\/index.php?rest_route=\/wp\/v2\/types\/page"}],"author":[{"embeddable":true,"href":"https:\/\/blog.mortimer-mueller.at\/index.php?rest_route=\/wp\/v2\/users\/2"}],"replies":[{"embeddable":true,"href":"https:\/\/blog.mortimer-mueller.at\/index.php?rest_route=%2Fwp%2Fv2%2Fcomments&post=3019"}],"version-history":[{"count":4,"href":"https:\/\/blog.mortimer-mueller.at\/index.php?rest_route=\/wp\/v2\/pages\/3019\/revisions"}],"predecessor-version":[{"id":4872,"href":"https:\/\/blog.mortimer-mueller.at\/index.php?rest_route=\/wp\/v2\/pages\/3019\/revisions\/4872"}],"wp:attachment":[{"href":"https:\/\/blog.mortimer-mueller.at\/index.php?rest_route=%2Fwp%2Fv2%2Fmedia&parent=3019"}],"curies":[{"name":"wp","href":"https:\/\/api.w.org\/{rel}","templated":true}]}}