{"id":2,"date":"2013-02-18T17:58:53","date_gmt":"2013-02-18T16:58:53","guid":{"rendered":""},"modified":"2025-05-16T23:14:33","modified_gmt":"2025-05-16T21:14:33","slug":"biografie-infos","status":"publish","type":"page","link":"https:\/\/blog.mortimer-mueller.at\/?page_id=2","title":{"rendered":"# Vita &#038; Infos"},"content":{"rendered":"<p><img loading=\"lazy\" decoding=\"async\" class=\" size-full wp-image-1567 alignleft\" src=\"http:\/\/www.mortimer-mueller.at\/blog\/wp-content\/uploads\/2018\/07\/mmueller_250px_saett2.jpg\" alt=\"Der Autor Mortimer M. M\u00fcller 2017\" width=\"187\" height=\"250\" \/><strong>Mortimer M. M\u00fcller<\/strong> wurde in M\u00f6dling, Nieder\u00f6sterreich, geboren. Seit seiner Jugend schreibt er Kurzgeschichten und Romane in den Genres Thriller, Fantastik, Sci-Fi und Satire. Daneben ist er in den kreativen Bereichen Gesang und Fotografie aktiv. Sein Lebenselixier braut er aus t\u00e4glichem Sport, der Natur, seinen Tr\u00e4umen, Familienleben und Sonnenlicht. Hauptberuflich arbeitet er als Waldbrandforscher an der Universit\u00e4t f\u00fcr Bodenkultur in Wien.<\/p>\n<p>Der K\u00fcnstler orientiert sich an folgenden Grunds\u00e4tzen:<br \/>\n<em>Alles flie\u00dft ~ lebe den Moment ~ sch\u00e4tze deinen K\u00f6rper ~ tu was du willst ~ schade niemandem ~ tr\u00e4ume und singe ~ liebe und lache ~ es gibt keine Zuf\u00e4lle!<\/em><\/p>\n<p>Sein Arbeitsmotto lautet:<br \/>\n<strong>Nur wer seine Tr\u00e4ume lebt, kann sie Realit\u00e4t werden lassen.<\/strong><\/p>\n<p>Kontaktm\u00f6glichkeit per E-Mail:<br \/>\n<a href=\"mailto:moi(\u00e4t)mortimer-mueller.at\" target=\"_blank\" rel=\"noopener noreferrer\">moi(\u00e4t)mortimer-mueller.at<\/a> (Klammern plus Inhalt mit Klammer\u00e4ffchen ersetzen)<\/p>\n<p><strong>Impressum:<\/strong><br \/>\nMortimer M. M\u00fcller<br \/>\nBischof Stefan Laszlo-Stra\u00dfe 2<br \/>\n7000 Eisenstadt<br \/>\n\u00d6sterreich<\/p>\n<p><strong>Copyright<\/strong><br \/>\nSofern nicht anders gekennzeichnet, sind s\u00e4mtliche Texte, Fotos und Filme \u00a9 Mortimer M. M\u00fcller und d\u00fcrften nur mit ausdr\u00fccklicher, schriftlicher Genehmigung kommerziell verwendet werden. Das Verlinken, Kopieren und Ver\u00f6ffentlichen meiner Arbeiten auf anderen Internet-Seiten ist mit Quellenangabe und Link auf meinen Blog oder meine Homepage gestattet. In diesem Fall ersuche ich um einen Hinweis an meine E-Mail-Adresse.<\/p>\n<p><strong>Haftungsausschluss<\/strong><br \/>\nIch \u00fcbernehme ausdr\u00fccklich keine Verantwortung f\u00fcr Inhalte von externen (fremden), verlinkten Internetseiten, sowie deren Verf\u00fcgbarkeit und Funktionst\u00fcchtigkeit. Meine Blogbeitr\u00e4ge sind teilweise satirische Texte und stellen keinen Wahrheitsanspruch. Weiters kann ich keinerlei Gew\u00e4hr f\u00fcr die Aktualit\u00e4t, Vollst\u00e4ndigkeit und Qualit\u00e4t der Daten in meinem Blog sowie die Fehlerlosigkeit der angezeigten Informationen \u00fcbernehmen.<\/p>\n<p>Ausf\u00fchrliche Datenschutzerkl\u00e4rung: <a title=\"Datenschutzerkl\u00e4rung (PDF)\" href=\"https:\/\/www.mortimer-mueller.at\/blog\/wp-content\/uploads\/2023\/03\/230220_datenschutzerklaerung.pdf\" target=\"_blank\" rel=\"noopener noreferrer\"><strong>HIER<\/strong><\/a> klicken<\/p>\n","protected":false},"excerpt":{"rendered":"<p>Mortimer M. M\u00fcller wurde in M\u00f6dling, Nieder\u00f6sterreich, geboren. Seit seiner Jugend schreibt er Kurzgeschichten und Romane in den Genres Thriller, Fantastik, Sci-Fi und Satire. Daneben ist er in den kreativen Bereichen Gesang und Fotografie aktiv. Sein Lebenselixier braut er aus <span class=\"excerpt-dots\">&hellip;<\/span> <a class=\"more-link\" href=\"https:\/\/blog.mortimer-mueller.at\/?page_id=2\"><span class=\"more-msg\">Weiterlesen &rarr;<\/span><\/a><\/p>\n","protected":false},"author":2,"featured_media":0,"parent":0,"menu_order":0,"comment_status":"closed","ping_status":"closed","template":"","meta":{"sfsi_plus_gutenberg_text_before_share":"","sfsi_plus_gutenberg_show_text_before_share":"","sfsi_plus_gutenberg_icon_type":"","sfsi_plus_gutenberg_icon_alignemt":"","sfsi_plus_gutenburg_max_per_row":"","footnotes":""},"class_list":["post-2","page","type-page","status-publish","hentry"],"_links":{"self":[{"href":"https:\/\/blog.mortimer-mueller.at\/index.php?rest_route=\/wp\/v2\/pages\/2","targetHints":{"allow":["GET"]}}],"collection":[{"href":"https:\/\/blog.mortimer-mueller.at\/index.php?rest_route=\/wp\/v2\/pages"}],"about":[{"href":"https:\/\/blog.mortimer-mueller.at\/index.php?rest_route=\/wp\/v2\/types\/page"}],"author":[{"embeddable":true,"href":"https:\/\/blog.mortimer-mueller.at\/index.php?rest_route=\/wp\/v2\/users\/2"}],"replies":[{"embeddable":true,"href":"https:\/\/blog.mortimer-mueller.at\/index.php?rest_route=%2Fwp%2Fv2%2Fcomments&post=2"}],"version-history":[{"count":4,"href":"https:\/\/blog.mortimer-mueller.at\/index.php?rest_route=\/wp\/v2\/pages\/2\/revisions"}],"predecessor-version":[{"id":4844,"href":"https:\/\/blog.mortimer-mueller.at\/index.php?rest_route=\/wp\/v2\/pages\/2\/revisions\/4844"}],"wp:attachment":[{"href":"https:\/\/blog.mortimer-mueller.at\/index.php?rest_route=%2Fwp%2Fv2%2Fmedia&parent=2"}],"curies":[{"name":"wp","href":"https:\/\/api.w.org\/{rel}","templated":true}]}}