{"id":1765,"date":"2015-10-16T08:57:35","date_gmt":"2015-10-16T06:57:35","guid":{"rendered":"http:\/\/blog.mortimer-mueller.at\/?page_id=1765"},"modified":"2025-11-12T21:36:56","modified_gmt":"2025-11-12T20:36:56","slug":"romane","status":"publish","type":"page","link":"https:\/\/blog.mortimer-mueller.at\/?page_id=1765","title":{"rendered":"# Romane"},"content":{"rendered":"<p>Was w\u00e4re mein schriftstellerisches Schaffen ohne meine Langwerke? Seit 2015 widme ich mich in erster Linie Romanprojekten. Unten findest du eine Zusammenstellung meiner ver\u00f6ffentlichten, fertiggestellten und in Arbeit befindlichen Erz\u00e4hlungen, die zumindest ein Buch f\u00fcllen. Die Liste ist zeitlich absteigend geordnet (Stand: November 2025).<\/p>\n<p><strong>ROTATION <\/strong>| Krimi\/\u00d6kothriller| fertiggestellt 2025<\/p>\n<p><a href=\"https:\/\/blog.mortimer-mueller.at\/?p=4763\" target=\"_blank\" rel=\"noopener\"><strong>DAS KNUBBELCHEN <\/strong><\/a>| Kinderbuch | ver\u00f6ffentlicht 2024<\/p>\n<p><a href=\"https:\/\/blog.mortimer-mueller.at\/?p=4723\" target=\"_blank\" rel=\"noopener\"><strong>DIE VIERTE FRAU: Ein Wien-Krimi<\/strong><\/a> | Kriminalroman | ver\u00f6ffentlicht 2023<\/p>\n<p><strong><a href=\"https:\/\/blog.mortimer-mueller.at\/?p=4047\" target=\"_blank\" rel=\"noopener\">SCHUTZZOLL: Ein Covid-19-Thriller<\/a><\/strong> | Thriller | ver\u00f6ffentlicht 2021<\/p>\n<p><strong><a href=\"https:\/\/wueste.mortimer-mueller.at\" target=\"_blank\" rel=\"noopener noreferrer\">DIE HERREN DER W\u00dcSTE &#8211; Dreihorn<\/a><\/strong> | Fantasyroman &amp; W\u00fcstenepos | ver\u00f6ffentlicht 2021<\/p>\n<p><strong><a href=\"https:\/\/wueste.mortimer-mueller.at\" target=\"_blank\" rel=\"noopener noreferrer\">DIE HERREN DER W\u00dcSTE &#8211; Karawane<\/a><\/strong> | Fantasyroman &amp; W\u00fcstenepos | ver\u00f6ffentlicht 2019<\/p>\n<p><strong><a href=\"https:\/\/blog.mortimer-mueller.at\/?p=3397\" target=\"_blank\" rel=\"noopener noreferrer\">DAS FIESE GL\u00dcCK<\/a><\/strong> | Humorvoller Unterhaltungsroman | ver\u00f6ffentlicht 2018<\/p>\n<p><a title=\"Infoseite FAULE LADUNG\" href=\"https:\/\/blog.mortimer-mueller.at\/?p=3418\" target=\"_blank\" rel=\"noopener noreferrer\"><strong>FAULE LADUNG<\/strong><\/a> | Fantastische Satire | ver\u00f6ffentlicht 2018<\/p>\n<p><a href=\"https:\/\/blog.mortimer-mueller.at\/?p=2676\" target=\"_blank\" rel=\"noopener\"><strong>EIN\u00d6DE 12 &#8211; Neubeginn<\/strong><\/a> | Psycho-\/Mysterythriller | ver\u00f6ffentlicht 2017<\/p>\n<p><a href=\"https:\/\/blog.mortimer-mueller.at\/?p=2506\" target=\"_blank\" rel=\"noopener\"><strong>EIN\u00d6DE 12 &#8211; Endzeit<\/strong><\/a> | (\u00d6ko-)Thriller | ver\u00f6ffentlicht 2017<\/p>\n<p><a href=\"https:\/\/blog.mortimer-mueller.at\/?p=2282\" target=\"_blank\" rel=\"noopener\"><strong>PROFESSOR HEIMLICH &#8211; und die Farbenleere<\/strong><\/a> | Fantasy-Krimi-Satire | ver\u00f6ffentlicht 2016<\/p>\n<p><a href=\"https:\/\/blog.mortimer-mueller.at\/?p=1919\" target=\"_blank\" rel=\"noopener\"><strong>RAPHAEL &#8211; Der Zeitenwandel<\/strong><\/a> | humorvoller Vampirroman | ver\u00f6ffentlicht 2015<\/p>\n<p><a href=\"https:\/\/blog.mortimer-mueller.at\/?p=1678\" target=\"_blank\" rel=\"noopener\"><strong>DER RISS &#8211; Tr\u00e4ume<\/strong><\/a> | All Age Urban Fantasyroman | ver\u00f6ffentlicht 2015<\/p>\n<p><a href=\"https:\/\/blog.mortimer-mueller.at\/?p=1396\" target=\"_blank\" rel=\"noopener\"><strong>13 GEBOTE<\/strong><\/a> | Thriller | ver\u00f6ffentlicht 2015<\/p>\n<p><a href=\"https:\/\/blog.mortimer-mueller.at\/?p=1017\" target=\"_blank\" rel=\"noopener\">KABINE 14<\/a> | Krimi \/ Thriller | ver\u00f6ffentlicht 2013 (dzt. nicht mehr erh\u00e4ltlich)<\/p>\n<p>&nbsp;<\/p>\n<p><em>Weitere Projekte aus den Genres Fantastik, Science Fiction, Thriller, Satire, Unterhaltung sowie einen Lebensratgeber habe ich konzipiert und z. T. zu schreiben begonnen.<\/em><\/p>\n","protected":false},"excerpt":{"rendered":"<p>Was w\u00e4re mein schriftstellerisches Schaffen ohne meine Langwerke? Seit 2015 widme ich mich in erster Linie Romanprojekten. Unten findest du eine Zusammenstellung meiner ver\u00f6ffentlichten, fertiggestellten und in Arbeit befindlichen Erz\u00e4hlungen, die zumindest ein Buch f\u00fcllen. Die Liste ist zeitlich absteigend <span class=\"excerpt-dots\">&hellip;<\/span> <a class=\"more-link\" href=\"https:\/\/blog.mortimer-mueller.at\/?page_id=1765\"><span class=\"more-msg\">Weiterlesen &rarr;<\/span><\/a><\/p>\n","protected":false},"author":2,"featured_media":0,"parent":0,"menu_order":0,"comment_status":"closed","ping_status":"closed","template":"","meta":{"sfsi_plus_gutenberg_text_before_share":"","sfsi_plus_gutenberg_show_text_before_share":"","sfsi_plus_gutenberg_icon_type":"","sfsi_plus_gutenberg_icon_alignemt":"","sfsi_plus_gutenburg_max_per_row":"","footnotes":""},"class_list":["post-1765","page","type-page","status-publish","hentry"],"_links":{"self":[{"href":"https:\/\/blog.mortimer-mueller.at\/index.php?rest_route=\/wp\/v2\/pages\/1765","targetHints":{"allow":["GET"]}}],"collection":[{"href":"https:\/\/blog.mortimer-mueller.at\/index.php?rest_route=\/wp\/v2\/pages"}],"about":[{"href":"https:\/\/blog.mortimer-mueller.at\/index.php?rest_route=\/wp\/v2\/types\/page"}],"author":[{"embeddable":true,"href":"https:\/\/blog.mortimer-mueller.at\/index.php?rest_route=\/wp\/v2\/users\/2"}],"replies":[{"embeddable":true,"href":"https:\/\/blog.mortimer-mueller.at\/index.php?rest_route=%2Fwp%2Fv2%2Fcomments&post=1765"}],"version-history":[{"count":4,"href":"https:\/\/blog.mortimer-mueller.at\/index.php?rest_route=\/wp\/v2\/pages\/1765\/revisions"}],"predecessor-version":[{"id":5129,"href":"https:\/\/blog.mortimer-mueller.at\/index.php?rest_route=\/wp\/v2\/pages\/1765\/revisions\/5129"}],"wp:attachment":[{"href":"https:\/\/blog.mortimer-mueller.at\/index.php?rest_route=%2Fwp%2Fv2%2Fmedia&parent=1765"}],"curies":[{"name":"wp","href":"https:\/\/api.w.org\/{rel}","templated":true}]}}