{"id":1763,"date":"2015-10-16T08:52:05","date_gmt":"2015-10-16T06:52:05","guid":{"rendered":"http:\/\/blog.mortimer-mueller.at\/?page_id=1763"},"modified":"2026-03-25T19:11:45","modified_gmt":"2026-03-25T18:11:45","slug":"zitate","status":"publish","type":"page","link":"https:\/\/blog.mortimer-mueller.at\/?page_id=1763","title":{"rendered":"# Zitate"},"content":{"rendered":"<p>Manchmal ereilen mich &#8211; mehr oder weniger raffinierte &#8211; Eingebungen, \u00dcberlegungen und Gedankensplitter, die ich in Form kurzer Zitate oder Spr\u00fcche niederschreibe. In der folgenden Aufstellung habe ich sie zusammengetragen.<\/p>\n<p><strong>2025:<\/strong><\/p>\n<p>| Es gibt keine Alternative f\u00fcr den motorisierten Individualverkehr. Ein Auto bedeutet Freiheit. Und mitunter ist es die letzte Freiheit, die ihre Besitzer noch haben.<\/p>\n<p>| Bei dem derzeit in der Weltpolitik praktizierten Darwin-Award-Verhalten gleicht es einem Wunder, dass wir noch nicht ausgestorben sind.<\/p>\n<p><strong>2024:<\/strong><\/p>\n<p>| schau ma mal, dann seh ma eh<\/p>\n<p>| Mach jeden Tag etwas Au\u00dfergew\u00f6hnliches!<\/p>\n<p>| Never trust a flying monkey.<\/p>\n<p><strong>2023:<\/strong><\/p>\n<p>| Wenn eine Beziehung mehr Schmerzen als Freude bereitet, sp\u00e4testens dann ist der Zeitpunkt der Trennung gekommen.<\/p>\n<p>| Wenn ich einen Wunsch frei h\u00e4tte: Alle Dinge, die dazu gedacht oder dazu verwendet werden, andere Menschen zu t\u00f6ten oder zu verletzen, sollen sich jetzt, und immer bevor sie zum Einsatz kommen, in bunte Seifenblasen verwandeln.<\/p>\n<p>| Wenn deine Unterhosen pl\u00f6tzlich zu klein sind, bedeutet das nicht zwangsl\u00e4ufig, dass dein Schwanz gewachsen ist.<\/p>\n<p>| Steinsalz ist Meersalz ohne Mikroplastik.<\/p>\n<p>| Wenn er krank ist, verl\u00e4sst auch ein L\u00f6we seine H\u00f6hle nicht.<\/p>\n<p><strong>2022:<\/strong><\/p>\n<p>| Kinder sind nicht alles. Aber ohne Kinder ist alles nichts.<\/p>\n<p>| Nur am Meer ist der Horizont so scharf wie ein Messer.<\/p>\n<p>| In einem Verbund von Abh\u00e4ngigkeiten gilt: Eine Schnecke macht alle zu Schnecken.<\/p>\n<p>| Daheim ist nicht nur ein Ort. Es braucht auch die Menschen dazu.<\/p>\n<p>| Es hei\u00dft, man muss loslassen k\u00f6nnen. Aber wenn wir immer nur loslassen, st\u00fcrzen wir in die Tiefe.<\/p>\n<p>| Wenn sich die Dinge f\u00fcgen, bist du am richtigen Weg.<\/p>\n<p><strong>2021:<\/strong><\/p>\n<p>| Eine hohe Machtposition bedeutet oft geringe Kritikf\u00e4higkeit.<\/p>\n<p>| Kein Anker h\u00e4lt, wenn das Schiff von Welle zu Welle springt.<\/p>\n<p>| George Orwells 1984er Dystopie ist l\u00e4ngst Realit\u00e4t geworden &#8211; ein Blick nach China gen\u00fcgt.<\/p>\n<p>| Jemand, der alles will, wei\u00df tats\u00e4chlich nicht, was er will.<\/p>\n<p>| Wenn ich etwas von meinen n\u00e4chtlichen Tr\u00e4umen gelernt habe, dann dass sich nichts davon bewahrheitet.<\/p>\n<p>| Habt keine Angst. Ich habe auch keine.<\/p>\n<p>| In China gibt es keine Menschen. Nur Arbeitskr\u00e4fte.<\/p>\n<p>| Wie schnell die Zeit vergeht, das merken wir an unseren Kindern.<\/p>\n<p><strong>2020:<\/strong><\/p>\n<p>| Wer liebt, ohne zur\u00fcckgeliebt zu werden, der kann nur verlieren.<\/p>\n<p>| Die Durchhalteparolen aus der Politik erinnern mich an eine bestimmte Zeit vor 75 Jahren.<\/p>\n<p>| Gew\u00f6hnliche Menschen definieren sich durch das, was sie haben. Au\u00dfergew\u00f6hnliche Menschen durch das, was sie schaffen. Nur die gr\u00f6\u00dften Menschen finden ihre Bestimmung darin, dass sie geben.<\/p>\n<p>| Die Natur vermag uns nicht auszul\u00f6schen. Das k\u00f6nnen nur wir selbst.<\/p>\n<p>| Ein Mensch, der behauptet, er bereue nichts, mag dumm sein, naiv oder klug &#8211; aber Letzteres ist am gef\u00e4hrlichsten.<\/p>\n<p>| Gott ist eine alte Frau, die vor einem lodernden Kaminfeuer sitzt und l\u00e4chelt.<\/p>\n<p><strong>2019:<\/strong><\/p>\n<p>| Idealistische Menschen werden nicht weniger &#8211; die Welt zerbricht sie nur schneller.<\/p>\n<p>| Es gibt Tage, die stellt man am besten unter das Motto: Survive and forget.<\/p>\n<p>| Leichen sollte man nicht reanimieren.<\/p>\n<p>| Ich bin Sand, Wald und Feuer.<\/p>\n<p>| Wenn einem Zeit und Mu\u00dfe fehlen, sich in ein Thema einzulesen, hat man dazu besser keine Meinung.<\/p>\n<p>| Der Albtraum eines Workaholics: Das Ende der To-do-Liste.<\/p>\n<p><strong>2018:<\/strong><\/p>\n<p>| Es gibt Hundebesitzer, aber keine Katzenbesitzer. Es gibt nur Katzenhalter und Von-Katzen-Okkupierte.<\/p>\n<p>| In einer Welt der S\u00f6hne geht sie zugrunde.<\/p>\n<p>| Am kl\u00fcgsten ist nicht, wer am meisten wei\u00df, sondern wer die meisten Fragen stellt.<\/p>\n<p>| Was weg ist, ist weg. (Ausmist-Mantra)<\/p>\n<p>| Wenn du zu einer \u00c4nderung deines Weges gezwungen wirst, gehe ihn so selbstbewusst, wie deinen urspr\u00fcnglichen Pfad.<\/p>\n<p>| Jeder sollte in seiner Kindheit eine Pippi Langstrumpf als Freundin haben.<\/p>\n<p>| Ich habe keine Zeit. Also nehme ich sie mir.<\/p>\n<p>| Das Leben wird nicht von dem bestimmt, was man kann, sondern von dem, was man glaubt zu k\u00f6nnen.<\/p>\n<p><strong>vor 2018:<\/strong><\/p>\n<p>| Je \u00e4lter man wird, desto enger wird die Komfortzone und starrer die Grenze.<\/p>\n<p>| Wenn es dir stinkt, atme aus.<\/p>\n<p>| Es gibt keine eierlegende Wollmilchsau. Auch nicht in einer Partnerschaft.<\/p>\n<p>| Bei Sonnenlicht ist vieles leichter.<\/p>\n<p>| Das Gute an Sackgassen ist, dass man umdrehen kann.<\/p>\n<p>| Selbstbewusste Menschen machen nicht weniger Fehler als unsichere. Nur lassen sie sich diese nicht anmerken.<\/p>\n<p>| Weichst du vom rechten Weg ab, dann fressen dich die W\u00f6lfe.<\/p>\n<p>| Das Schlimme ist nicht, dass manche Menschen behaupten, die Weisheit mit dem L\u00f6ffel gegessen zu haben &#8211; sondern dass es andere gibt, die es ihnen glauben.<\/p>\n<p>| An manchen Tagen sind die Sekunden k\u00fcrzer.<\/p>\n<p>| Mit Vernunft kann man Es nicht \u00fcberzeugen.<\/p>\n<p>| Herzlos ist jede vern\u00fcnftige Entscheidung unmenschlich.<\/p>\n<p>| Es ist das Licht, das die Dinge dazu bringt, etwas zu sein.<\/p>\n<p>| Der einfachste Weg, sich nicht zu verlaufen, ist den Weg zu gehen, den man gekommen ist.<\/p>\n<p>| Wer keine Probleme hat, der schafft sich welche.<\/p>\n<p>| Auch die einfachsten Dinge haben komplexe Ursachen.<\/p>\n<p>| Die Krux am \u00c4lterwerden ist, dass du es erst merkst, wenn du \u00e4lter geworden bist.<\/p>\n<p>| Das Einzige, das dir geh\u00f6rt, ist der Moment.<\/p>\n<p>| Die wichtigste Maschine, die wir Menschen besitzen, ist der eigene K\u00f6rper.<\/p>\n<p>| Die nat\u00fcrlichste Bewegungsart des Menschen ist das Gehen. Danach folgt das Laufen. Erst dann alles andere.<\/p>\n<p>| Sobald man davon \u00fcberzeugt ist, der Richtige zu sein, um Macht auszu\u00fcben, ist man der Falsche.<\/p>\n<p>| Wenn du dein Leben als Fluss begreifst, wirst du vieles besser verstehen.<\/p>\n<p>| Wenn dir das Leben ein Bein stellt, ist dies eine Aufforderung, wieder aufzustehen.<\/p>\n<p>| Manchmal ist es gut, den Weg des geringsten Widerstands zu gehen; manchmal ist es besser, hart zu bleiben.<\/p>\n<p>| Etwas Schlechtes aufzuh\u00f6ren ist nicht genug; man muss auch etwas Gutes beginnen.<\/p>\n<p>| Viel begangene Wege sind selten die sch\u00f6nsten.<\/p>\n<p>| Hoffe das Beste, erwarte das Wahrscheinlichste, sei bereit auf das Schlimmste.<\/p>\n<p>| Manchmal bist du mit kleinen Schritten schneller am Ziel &#8211; du f\u00e4llst nicht so oft.<\/p>\n<p>| Nichts erzeugt mehr Furcht in den Herzen von Menschen als unsichtbare Gefahr in der Finsternis.<\/p>\n<p>| M\u00e4nner m\u00f6gen Kurven &#8211; keine Loopings.<\/p>\n<p>| Was ist das Sch\u00f6ne an Schnee? Er deckt alles zu &#8211; das Gute, wie das Schlechte.<\/p>\n<p>| Der erste Moment zwischen zwei Menschen ist ein Augenblick.<\/p>\n<p>| Zaubere jeden Tag einem Menschen ein L\u00e4cheln aufs Gesicht &#8211; dann ist es ein guter Tag.<\/p>\n<p>| Egoisten sterben unerwartet.<\/p>\n<p>| Weise zu sprechen, ist eine Tugend; weise zu handeln, eine Kunst.<\/p>\n<p>| Ohne Tr\u00e4ume ist das Leben ein Albtraum.<\/p>\n<p>| Im Traum sprach das Leben selbst zu mir: Komme, wenn du eingeladen wirst. Bleibe, solange du geduldest bist. Gehe, bevor man dich hinauswirft.<\/p>\n<p>| Viele Frauen sind sch\u00f6n; die wenigsten sind es.<\/p>\n","protected":false},"excerpt":{"rendered":"<p>Manchmal ereilen mich &#8211; mehr oder weniger raffinierte &#8211; Eingebungen, \u00dcberlegungen und Gedankensplitter, die ich in Form kurzer Zitate oder Spr\u00fcche niederschreibe. In der folgenden Aufstellung habe ich sie zusammengetragen. 2025: | Es gibt keine Alternative f\u00fcr den motorisierten Individualverkehr. <span class=\"excerpt-dots\">&hellip;<\/span> <a class=\"more-link\" href=\"https:\/\/blog.mortimer-mueller.at\/?page_id=1763\"><span class=\"more-msg\">Weiterlesen &rarr;<\/span><\/a><\/p>\n","protected":false},"author":2,"featured_media":0,"parent":0,"menu_order":0,"comment_status":"closed","ping_status":"closed","template":"","meta":{"sfsi_plus_gutenberg_text_before_share":"","sfsi_plus_gutenberg_show_text_before_share":"","sfsi_plus_gutenberg_icon_type":"","sfsi_plus_gutenberg_icon_alignemt":"","sfsi_plus_gutenburg_max_per_row":"","footnotes":""},"class_list":["post-1763","page","type-page","status-publish","hentry"],"_links":{"self":[{"href":"https:\/\/blog.mortimer-mueller.at\/index.php?rest_route=\/wp\/v2\/pages\/1763","targetHints":{"allow":["GET"]}}],"collection":[{"href":"https:\/\/blog.mortimer-mueller.at\/index.php?rest_route=\/wp\/v2\/pages"}],"about":[{"href":"https:\/\/blog.mortimer-mueller.at\/index.php?rest_route=\/wp\/v2\/types\/page"}],"author":[{"embeddable":true,"href":"https:\/\/blog.mortimer-mueller.at\/index.php?rest_route=\/wp\/v2\/users\/2"}],"replies":[{"embeddable":true,"href":"https:\/\/blog.mortimer-mueller.at\/index.php?rest_route=%2Fwp%2Fv2%2Fcomments&post=1763"}],"version-history":[{"count":3,"href":"https:\/\/blog.mortimer-mueller.at\/index.php?rest_route=\/wp\/v2\/pages\/1763\/revisions"}],"predecessor-version":[{"id":5226,"href":"https:\/\/blog.mortimer-mueller.at\/index.php?rest_route=\/wp\/v2\/pages\/1763\/revisions\/5226"}],"wp:attachment":[{"href":"https:\/\/blog.mortimer-mueller.at\/index.php?rest_route=%2Fwp%2Fv2%2Fmedia&parent=1763"}],"curies":[{"name":"wp","href":"https:\/\/api.w.org\/{rel}","templated":true}]}}