{"id":1371,"date":"2015-02-28T21:06:27","date_gmt":"2015-02-28T20:06:27","guid":{"rendered":"http:\/\/blog.mortimer-mueller.at\/?page_id=1371"},"modified":"2025-11-12T21:38:02","modified_gmt":"2025-11-12T20:38:02","slug":"publikationen","status":"publish","type":"page","link":"https:\/\/blog.mortimer-mueller.at\/?page_id=1371","title":{"rendered":"# Publikationen"},"content":{"rendered":"<p>Hier findest du eine \u00dcbersicht meiner ver\u00f6ffentlichten und derzeit im Handel erh\u00e4ltlichen belletristischen Werke und Beitr\u00e4ge in Anthologien. Die Liste ist zeitlich absteigend geordnet (Stand: November 2025).<\/p>\n<p><a href=\"https:\/\/blog.mortimer-mueller.at\/?p=4763\" target=\"_blank\" rel=\"noopener\"><strong>DAS KNUBBELCHEN<\/strong><\/a><br \/>\n| Kinderbuch | Taschenbuch \/ E-Book | 2024<\/p>\n<p><strong><a title=\"Schutzzoll\" href=\"https:\/\/blog.mortimer-mueller.at\/?p=4723\" target=\"_blank\" rel=\"noopener noreferrer\">DIE VIERTE FRAU: Ein Wien-Krimi<\/a><\/strong><br \/>\n| Kriminalroman | Taschenbuch \/ E-Book | 2023<\/p>\n<p><strong><a title=\"Schutzzoll\" href=\"https:\/\/blog.mortimer-mueller.at\/?p=4047\" target=\"_blank\" rel=\"noopener noreferrer\">SCHUTZZOLL: Ein Covid-19-Thriller<\/a><\/strong><br \/>\n| Thriller | Taschenbuch \/ E-Book | 2021<\/p>\n<p><strong><a title=\"Die Herren der W\u00fcste\" href=\"https:\/\/wueste.mortimer-mueller.at\/?page_id=155\" target=\"_blank\" rel=\"noopener noreferrer\">DIE HERREN DER W\u00dcSTE &#8211; Dreihorn<\/a><\/strong><br \/>\n| Fantasyroman &amp; W\u00fcstenepos | Taschenbuch \/ E-Book | 2021<\/p>\n<p><strong><a title=\"Die Herren der W\u00fcste\" href=\"https:\/\/blog.mortimer-mueller.at\/?p=3668\" target=\"_blank\" rel=\"noopener noreferrer\">DIE HERREN DER W\u00dcSTE &#8211; Karawane<\/a><\/strong><br \/>\n| Fantasyroman &amp; W\u00fcstenepos | Taschenbuch \/ E-Book | 2019<\/p>\n<p><strong><a title=\"Das fiese Gl\u00fcck\" href=\"https:\/\/blog.mortimer-mueller.at\/?p=3397\" target=\"_blank\" rel=\"noopener noreferrer\">DAS FIESE GL\u00dcCK<\/a><\/strong><br \/>\n| Unterhaltungsroman | Taschenbuch \/ E-Book | 2018<\/p>\n<p><strong><a title=\"Faule Ladung\" href=\"https:\/\/blog.mortimer-mueller.at\/?p=3418\" target=\"_blank\" rel=\"noopener noreferrer\">FAULE LADUNG<\/a><\/strong><br \/>\n| Fantasy-Satire | Taschenbuch \/ E-Book | 2018<\/p>\n<p><a href=\"https:\/\/blog.mortimer-mueller.at\/?p=2676\" target=\"_blank\" rel=\"noopener\"><strong>EIN\u00d6DE 12 &#8211; Neubeginn<\/strong><\/a><br \/>\n| Psycho-\/Mysterythriller | Taschenbuch \/ E-Book | 2017<\/p>\n<p><a href=\"https:\/\/blog.mortimer-mueller.at\/?p=2506\" target=\"_blank\" rel=\"noopener\"><strong>EIN\u00d6DE 12 &#8211; Endzeit<\/strong><\/a><br \/>\n| Thriller | Taschenbuch \/ E-Book | 2017<\/p>\n<p><a href=\"https:\/\/blog.mortimer-mueller.at\/?p=2282\" target=\"_blank\" rel=\"noopener\"><strong>PROFESSOR HEIMLICH und die Farbenleere<\/strong><\/a><br \/>\n| Skurrile Krimi-Satire | Taschenbuch \/ E-Book | 2016<\/p>\n<p><a href=\"https:\/\/blog.mortimer-mueller.at\/?p=1919\" target=\"_blank\" rel=\"noopener\"><strong>RAPHAEL &#8211; Der Zeitenwandel<\/strong><\/a><br \/>\n| Humorvoller Vampirroman | Taschenbuch \/ E-Book | 2015<\/p>\n<p><a href=\"https:\/\/blog.mortimer-mueller.at\/?p=1678\" target=\"_blank\" rel=\"noopener\"><strong>DER RISS &#8211; Tr\u00e4ume<\/strong><\/a><br \/>\n| All Age Fantasyroman | Taschenbuch \/ E-Book | 2015<\/p>\n<p><a href=\"https:\/\/blog.mortimer-mueller.at\/?p=1396\" target=\"_blank\" rel=\"noopener\"><strong>13 GEBOTE<\/strong><\/a><br \/>\n| Thriller | Taschenbuch \/ E-Book | 2015<\/p>\n<p><a href=\"https:\/\/blog.mortimer-mueller.at\/?p=1017\" target=\"_blank\" rel=\"noopener\">KABINE 14 <\/a>(dzt. nicht mehr erh\u00e4ltlich)<br \/>\n| Thriller | Taschenbuch \/ E-Book | 2013<\/p>\n","protected":false},"excerpt":{"rendered":"<p>Hier findest du eine \u00dcbersicht meiner ver\u00f6ffentlichten und derzeit im Handel erh\u00e4ltlichen belletristischen Werke und Beitr\u00e4ge in Anthologien. Die Liste ist zeitlich absteigend geordnet (Stand: November 2025). DAS KNUBBELCHEN | Kinderbuch | Taschenbuch \/ E-Book | 2024 DIE VIERTE FRAU: <span class=\"excerpt-dots\">&hellip;<\/span> <a class=\"more-link\" href=\"https:\/\/blog.mortimer-mueller.at\/?page_id=1371\"><span class=\"more-msg\">Weiterlesen &rarr;<\/span><\/a><\/p>\n","protected":false},"author":2,"featured_media":0,"parent":0,"menu_order":0,"comment_status":"closed","ping_status":"closed","template":"","meta":{"sfsi_plus_gutenberg_text_before_share":"","sfsi_plus_gutenberg_show_text_before_share":"","sfsi_plus_gutenberg_icon_type":"","sfsi_plus_gutenberg_icon_alignemt":"","sfsi_plus_gutenburg_max_per_row":"","footnotes":""},"class_list":["post-1371","page","type-page","status-publish","hentry"],"_links":{"self":[{"href":"https:\/\/blog.mortimer-mueller.at\/index.php?rest_route=\/wp\/v2\/pages\/1371","targetHints":{"allow":["GET"]}}],"collection":[{"href":"https:\/\/blog.mortimer-mueller.at\/index.php?rest_route=\/wp\/v2\/pages"}],"about":[{"href":"https:\/\/blog.mortimer-mueller.at\/index.php?rest_route=\/wp\/v2\/types\/page"}],"author":[{"embeddable":true,"href":"https:\/\/blog.mortimer-mueller.at\/index.php?rest_route=\/wp\/v2\/users\/2"}],"replies":[{"embeddable":true,"href":"https:\/\/blog.mortimer-mueller.at\/index.php?rest_route=%2Fwp%2Fv2%2Fcomments&post=1371"}],"version-history":[{"count":4,"href":"https:\/\/blog.mortimer-mueller.at\/index.php?rest_route=\/wp\/v2\/pages\/1371\/revisions"}],"predecessor-version":[{"id":5131,"href":"https:\/\/blog.mortimer-mueller.at\/index.php?rest_route=\/wp\/v2\/pages\/1371\/revisions\/5131"}],"wp:attachment":[{"href":"https:\/\/blog.mortimer-mueller.at\/index.php?rest_route=%2Fwp%2Fv2%2Fmedia&parent=1371"}],"curies":[{"name":"wp","href":"https:\/\/api.w.org\/{rel}","templated":true}]}}